{"id":34,"date":"2020-04-24T14:44:58","date_gmt":"2020-04-24T14:44:58","guid":{"rendered":"http:\/\/cospicuaparish.wpengine.com\/?page_id=34"},"modified":"2020-05-22T17:37:41","modified_gmt":"2020-05-22T17:37:41","slug":"merhba","status":"publish","type":"page","link":"https:\/\/www.cospicuaparish.org.mt\/","title":{"rendered":"Mer\u0127ba"},"content":{"rendered":"<p>Nag\u0127ti mer\u0127ba lilkom ilkoll li ssegwu l-websajt tal-parro\u010b\u010ba.<\/p>\n<p>B\u0127al ma ndunajtu, i\u017c-\u017cmien ta&#8217; eg\u0127luq min\u0127abba l-COVID-19 serva biex\u00a0 dorna dawra mal-websajt l-antika u \u0121eddidha.<\/p>\n<p>Fil-kuntatti li kellna sabiex sar dan il-pro\u010bess kollu, ridna li din il-websajt il-\u0121dida isservi erba&#8217;\u00a0skopijiet prin\u010bipali:<\/p>\n<p>1.\u00a0<strong>Tag\u0127rif u arkivju<\/strong>\u00a0\u017cg\u0127ir dwar il-beni kemm mobbli kif ukoll immobbli li g\u0127andha l-parro\u010b\u010ba. Dan ifisser li min ikun jixtieq xi tag\u0127rif dwar storja ta&#8217; knejjes, kappellel, statwi, artikli\u00a0u \u010belebrazzjonijiet ikun jista&#8217; jakkwistahom minn din il-websajt. Naturalment dan irid jinbena bil-mod il-mod.<\/p>\n<p>2.\u00a0<strong>Informazzjoni aktar mifruxa.<\/strong>\u00a0Hawnhekk xtaqna li fil-websajt il-\u0121dida wie\u0127ed ikun jista&#8217; jsib informazzjoni dwar dak kollu, kemm reli\u0121ju\u017c kif ukoll so\u010bjali, li jsir \u0121o Bormla. Xtaqna li barra l-g\u0127aqdiet kollha ta&#8217; Bormla, ninkludu wkoll informazzjoni dwar i\u010b-\u010aentru tas-Sa\u0127\u0127a, tobba, dentisti, avukati, nutara, spi\u017ceriji,\u00a0e\u010b\u010b li hawn fil-belt tag\u0127na.<\/p>\n<p>3.\u00a0<strong>Kommunikazzjoni.<\/strong>\u00a0Xewqa prin\u010bipali tag\u0127na hija li permezz ta&#8217; din il-websajt inkunu nistg\u0127u inwasslu tag\u0127rif, anke vi\u017cwali, ta&#8217; dak kollu li jkun qed isir min-na\u0127a tal-Knisja. Per e\u017cempju g\u0127andna l-\u0127sieb li ikollna tag\u0127rif dwar i\u017c-\u017cew\u0121 pro\u0121etti ta&#8217; restawr li qed isiru b\u0127alissa fil-Knisja, ji\u0121ifieri l-pittura tal-Cali fil-koppla tal-Kappella tal-Kur\u010bifiss u l-koppla tal-kappella tal-Kur\u010bifiss. Dan jinkludi wkoll l-avvi\u017ci li jsiru fil-Knisja matul il-weekend.<\/p>\n<p>4.\u00a0<strong>Formazzjoni.<\/strong>\u00a0Nixtiequ li din il-pa\u0121na toffri mezz \u017cg\u0127ir g\u0127all-formazzjoni. Apparti l-LINKS g\u0127al diversi websajts o\u0127ra reli\u0121ju\u017ci u l-Flimkien ta&#8217; kull xahar, nixtiequ li jkun fiha siltiet mill-Iskrittura u \u0127sibijiet reli\u0121ju\u017ci o\u0127ra li wie\u0127ed jista&#8217; jsegwi kull tant \u017cmien.\u200b<\/p>\n<p>It-tama tag\u0127na hija li permezz ta&#8217; din il-websajt inkunu ta&#8217; servizz g\u0127all Bormli\u017ci kollha, kemm dawk li joqg\u0127odu Bormla kif ukoll dawk imxerrdin madwar Malta u mad-dinja.<\/p>\n<p>Grazzi lilkom ilkoll u welcome f&#8217;din il-websajt.<\/p>\n<p>\u0120esu&#8217; mag\u0127kom.<\/p>\n<p>Dun Anton<\/p>\n","protected":false},"excerpt":{"rendered":"<p>Nag\u0127ti mer\u0127ba lilkom ilkoll li ssegwu l-websajt tal-parro\u010b\u010ba. B\u0127al ma ndunajtu, i\u017c-\u017cmien ta&#8217; eg\u0127luq min\u0127abba l-COVID-19 serva biex\u00a0 dorna dawra mal-websajt l-antika u \u0121eddidha. Fil-kuntatti li kellna sabiex sar dan il-pro\u010bess kollu, ridna li din il-websajt il-\u0121dida isservi erba&#8217;\u00a0skopijiet prin\u010bipali: 1.\u00a0Tag\u0127rif u arkivju\u00a0\u017cg\u0127ir dwar il-beni kemm mobbli kif ukoll immobbli li g\u0127andha l-parro\u010b\u010ba. Dan ifisser li min ikun jixtieq xi tag\u0127rif dwar storja ta&#8217; knejjes, &hellip; <a href=\"https:\/\/www.cospicuaparish.org.mt\/\" class=\"more-link\">Continue reading <span class=\"screen-reader-text\">Mer\u0127ba<\/span> <span class=\"meta-nav\">&raquo;<\/span><\/a><\/p>\n","protected":false},"author":4242,"featured_media":0,"parent":0,"menu_order":0,"comment_status":"closed","ping_status":"closed","template":"","meta":[],"_links":{"self":[{"href":"https:\/\/www.cospicuaparish.org.mt\/index.php?rest_route=\/wp\/v2\/pages\/34"}],"collection":[{"href":"https:\/\/www.cospicuaparish.org.mt\/index.php?rest_route=\/wp\/v2\/pages"}],"about":[{"href":"https:\/\/www.cospicuaparish.org.mt\/index.php?rest_route=\/wp\/v2\/types\/page"}],"author":[{"embeddable":true,"href":"https:\/\/www.cospicuaparish.org.mt\/index.php?rest_route=\/wp\/v2\/users\/4242"}],"replies":[{"embeddable":true,"href":"https:\/\/www.cospicuaparish.org.mt\/index.php?rest_route=%2Fwp%2Fv2%2Fcomments&post=34"}],"version-history":[{"count":0,"href":"https:\/\/www.cospicuaparish.org.mt\/index.php?rest_route=\/wp\/v2\/pages\/34\/revisions"}],"wp:attachment":[{"href":"https:\/\/www.cospicuaparish.org.mt\/index.php?rest_route=%2Fwp%2Fv2%2Fmedia&parent=34"}],"curies":[{"name":"wp","href":"https:\/\/api.w.org\/{rel}","templated":true}]}}