{"id":139,"date":"2020-05-15T15:48:21","date_gmt":"2020-05-15T15:48:21","guid":{"rendered":"http:\/\/cospicuaparish.wpengine.com\/?page_id=139"},"modified":"2020-07-04T14:45:16","modified_gmt":"2020-07-04T13:45:16","slug":"ghaqdiet-gewwa-bormla","status":"publish","type":"page","link":"https:\/\/www.cospicuaparish.org.mt\/?page_id=139","title":{"rendered":"G\u0127aqdiet \u0121ewwa Bormla"},"content":{"rendered":"\n<p><strong>Reli\u0121ju\u017ci<\/strong><\/p>\n\n\n\n<figure class=\"wp-block-table\"><table><thead><tr><th><strong>Isem tal-G\u0127aqda<\/strong><\/th><th><strong>Indiri\u017c\u017c Postali jew Elettroniku<\/strong><\/th><th><strong>Kuntatt<\/strong><\/th><th><strong>Facebook jew Sit<\/strong><\/th><\/tr><\/thead><tbody><tr><td>Azzjoni Kattolika (ferg\u0127a Nisa u R\u0121iel)<\/td><td>San Piju X, Azzjoni Kattolika, No. 2, Triq l-Oratorju, Bormla<\/td><td><\/td><td><img loading=\"lazy\" width=\"265\" height=\"190\" class=\"wp-image-141\" style=\"width: 265px;\" src=\"http:\/\/cospicuaparish.org.mt\/wp-content\/uploads\/2020\/05\/Azzjoni-Kattolika-1.png\" alt=\"\"><\/td><\/tr><tr><td>\u010aentru 19 ta` Novembru 1944<\/td><td>Triq il-Pellegrina\u0121\u0121, Bormla<\/td><td>Matthew Tonna Gilford<\/td><td><a href=\"https:\/\/www.facebook.com\/centru19tanovembru\"><img loading=\"lazy\" width=\"233\" height=\"216\" class=\"wp-image-142\" style=\"width: 150px;\" src=\"http:\/\/cospicuaparish.org.mt\/wp-content\/uploads\/2020\/05\/Centru-19-ta-Novembru.jpg\" alt=\"\"><\/a><\/td><\/tr><tr><td>\u010aentru Sagra Familja&nbsp;&nbsp;&nbsp;&nbsp;&nbsp;<\/td><td>Triq Wigi Rosato, Bormla<\/td><td>Arcipriet<\/td><td><\/td><\/tr><tr><td>Grupp Adoloxxenti u \u017bg\u0127a\u017cag\u0127<\/td><td>mgs18012@gmail.com&nbsp; &nbsp;7961 8012<\/td><td>Moses Galea<\/td><td><a href=\"https:\/\/www.facebook.com\/gaz16bormla\/\"><img loading=\"lazy\" width=\"960\" height=\"960\" class=\"wp-image-143\" style=\"width: 150px;\" src=\"http:\/\/cospicuaparish.org.mt\/wp-content\/uploads\/2020\/05\/GAZ-1.jpg\" alt=\"\" srcset=\"https:\/\/www.cospicuaparish.org.mt\/wp-content\/uploads\/2020\/05\/GAZ-1.jpg 960w, https:\/\/www.cospicuaparish.org.mt\/wp-content\/uploads\/2020\/05\/GAZ-1-300x300.jpg 300w, https:\/\/www.cospicuaparish.org.mt\/wp-content\/uploads\/2020\/05\/GAZ-1-150x150.jpg 150w, https:\/\/www.cospicuaparish.org.mt\/wp-content\/uploads\/2020\/05\/GAZ-1-768x768.jpg 768w, https:\/\/www.cospicuaparish.org.mt\/wp-content\/uploads\/2020\/05\/GAZ-1-800x800.jpg 800w\" sizes=\"(max-width: 960px) 100vw, 960px\" \/><\/a><\/td><\/tr><tr><td>Kor Tota Pulchra<\/td><td>c\/o 48 Triq Sta. Marija, Bormla<\/td><td>Walter Tonna<\/td><td><\/td><\/tr><tr><td>Kunsill Pastorali Parrokkjali<\/td><td>c\/o Dar Parrokkjali, 65 Triq il-Gendus, Bormla<\/td><td>Ar\u010bipriet<\/td><td><\/td><\/tr><tr><td>Le\u0121jun ta\u2019 Marija Nisa\u2019<\/td><td>Dar tal-Azzjoni Kattolika, Triq l-Oratorju, Bormla<\/td><td><\/td><td><img loading=\"lazy\" width=\"160\" height=\"231\" class=\"wp-image-144\" style=\"width: 150px;\" src=\"http:\/\/cospicuaparish.org.mt\/wp-content\/uploads\/2020\/05\/Legjun-ta-Marija.jpg\" alt=\"\"><\/td><\/tr><tr><td>Missionaries of Charity,<\/td><td>135, Triq San Pawl Bormla<\/td><td><\/td><td><img loading=\"lazy\" width=\"2500\" height=\"1458\" class=\"wp-image-145\" style=\"width: 250px;\" src=\"http:\/\/cospicuaparish.org.mt\/wp-content\/uploads\/2020\/05\/Missionaries-of-Charity.jpg\" alt=\"\" srcset=\"https:\/\/www.cospicuaparish.org.mt\/wp-content\/uploads\/2020\/05\/Missionaries-of-Charity.jpg 2500w, https:\/\/www.cospicuaparish.org.mt\/wp-content\/uploads\/2020\/05\/Missionaries-of-Charity-300x175.jpg 300w, https:\/\/www.cospicuaparish.org.mt\/wp-content\/uploads\/2020\/05\/Missionaries-of-Charity-1024x597.jpg 1024w, https:\/\/www.cospicuaparish.org.mt\/wp-content\/uploads\/2020\/05\/Missionaries-of-Charity-768x448.jpg 768w, https:\/\/www.cospicuaparish.org.mt\/wp-content\/uploads\/2020\/05\/Missionaries-of-Charity-1536x896.jpg 1536w, https:\/\/www.cospicuaparish.org.mt\/wp-content\/uploads\/2020\/05\/Missionaries-of-Charity-2048x1194.jpg 2048w, https:\/\/www.cospicuaparish.org.mt\/wp-content\/uploads\/2020\/05\/Missionaries-of-Charity-800x467.jpg 800w, https:\/\/www.cospicuaparish.org.mt\/wp-content\/uploads\/2020\/05\/Missionaries-of-Charity-1200x700.jpg 1200w\" sizes=\"(max-width: 2500px) 100vw, 2500px\" \/><\/td><\/tr><tr><td>MUSEUM (Ferg\u0127a Irgiel)<\/td><td>16, Triq Verdala, Bormla<\/td><td><\/td><td><img loading=\"lazy\" width=\"303\" height=\"128\" class=\"wp-image-146\" style=\"width: 250px;\" src=\"http:\/\/cospicuaparish.org.mt\/wp-content\/uploads\/2020\/05\/museum.jpg\" alt=\"\" srcset=\"https:\/\/www.cospicuaparish.org.mt\/wp-content\/uploads\/2020\/05\/museum.jpg 303w, https:\/\/www.cospicuaparish.org.mt\/wp-content\/uploads\/2020\/05\/museum-300x127.jpg 300w\" sizes=\"(max-width: 303px) 100vw, 303px\" \/><\/td><\/tr><tr><td>MUSEUM (Ferg\u0127a Nisa)<\/td><td>65, Triq San Gorg, Bormla<\/td><td><\/td><td><img src=\"http:\/\/cospicuaparish.org.mt\/wp-content\/uploads\/2020\/05\/museum.jpg\"><\/td><\/tr><tr><td>Patrijiet Tere\u017cjani<\/td><td>Kunvent Sta. Tereza, Bormla<\/td><td>Patri Martin Borg<\/td><td><\/td><\/tr><\/tbody><\/table><\/figure>\n\n\n\n<p><strong>So\u010bjali<\/strong><\/p>\n\n\n\n<figure class=\"wp-block-table\"><table><tbody><tr><td><strong>Isem tal-G\u0127aqda<\/strong><\/td><td><strong>Indiri\u017c\u017c Postali jew Elettroniku<\/strong><\/td><td><strong>Kuntatt<\/strong><\/td><td><strong>Facebook jew Sit<\/strong><\/td><\/tr><tr><td>1st Bormla Scout Group<\/td><td>1 Triq it-Torri ta&#8217; San Gwann, Vittoriosa<\/td><td>Mario Ellul<\/td><td><a href=\"https:\/\/www.facebook.com\/cospicuascouts\"><img src=\"http:\/\/cospicuaparish.org.mt\/wp-content\/uploads\/2020\/05\/1st-Bormla-Scout-Group.jpg\" alt=\"\"><\/a><\/td><\/tr><tr><td>Bormla Girl Guides<\/td><td>&#8216;Yvonne&#8217; Triq il-Liedna, Fgura<\/td><td>Catherine Bunce<\/td><td><img loading=\"lazy\" width=\"1600\" height=\"1600\" class=\"wp-image-153\" style=\"width: 150px;\" src=\"http:\/\/cospicuaparish.org.mt\/wp-content\/uploads\/2020\/05\/Bormla-Girl-Guides.jpg\" alt=\"\" srcset=\"https:\/\/www.cospicuaparish.org.mt\/wp-content\/uploads\/2020\/05\/Bormla-Girl-Guides.jpg 1600w, https:\/\/www.cospicuaparish.org.mt\/wp-content\/uploads\/2020\/05\/Bormla-Girl-Guides-300x300.jpg 300w, https:\/\/www.cospicuaparish.org.mt\/wp-content\/uploads\/2020\/05\/Bormla-Girl-Guides-1024x1024.jpg 1024w, https:\/\/www.cospicuaparish.org.mt\/wp-content\/uploads\/2020\/05\/Bormla-Girl-Guides-150x150.jpg 150w, https:\/\/www.cospicuaparish.org.mt\/wp-content\/uploads\/2020\/05\/Bormla-Girl-Guides-768x768.jpg 768w, https:\/\/www.cospicuaparish.org.mt\/wp-content\/uploads\/2020\/05\/Bormla-Girl-Guides-1536x1536.jpg 1536w, https:\/\/www.cospicuaparish.org.mt\/wp-content\/uploads\/2020\/05\/Bormla-Girl-Guides-800x800.jpg 800w, https:\/\/www.cospicuaparish.org.mt\/wp-content\/uploads\/2020\/05\/Bormla-Girl-Guides-1200x1200.jpg 1200w\" sizes=\"(max-width: 1600px) 100vw, 1600px\" \/><\/td><\/tr><tr><td>\u010aentru Tbexbix<\/td><td>61, Triq San Lazzru, Bormla<\/td><td>Catherine<\/td><td><a href=\"https:\/\/www.facebook.com\/centru.tbexbix\"><img loading=\"lazy\" width=\"199\" height=\"207\" class=\"wp-image-154\" style=\"width: 200px;\" src=\"http:\/\/cospicuaparish.org.mt\/wp-content\/uploads\/2020\/05\/Centru-Tbexbix.jpg\" alt=\"\"><\/a><\/td><\/tr><tr><td>Domus Piju IX<\/td><td>12, Triq Matty Grima, Bormla<\/td><td>Jonathan Farrugia<\/td><td><a href=\"https:\/\/www.facebook.com\/DomusPiusIX\"><img loading=\"lazy\" width=\"815\" height=\"315\" class=\"wp-image-155\" style=\"width: 300px;\" src=\"http:\/\/cospicuaparish.org.mt\/wp-content\/uploads\/2020\/05\/Domus-Piju-IX.jpg\" alt=\"\" srcset=\"https:\/\/www.cospicuaparish.org.mt\/wp-content\/uploads\/2020\/05\/Domus-Piju-IX.jpg 815w, https:\/\/www.cospicuaparish.org.mt\/wp-content\/uploads\/2020\/05\/Domus-Piju-IX-300x116.jpg 300w, https:\/\/www.cospicuaparish.org.mt\/wp-content\/uploads\/2020\/05\/Domus-Piju-IX-768x297.jpg 768w, https:\/\/www.cospicuaparish.org.mt\/wp-content\/uploads\/2020\/05\/Domus-Piju-IX-800x309.jpg 800w\" sizes=\"(max-width: 815px) 100vw, 815px\" \/><\/a><\/td><\/tr><tr><td>Fondazzjoni Bormli\u017ca Persuni b\u2019Di\u017cabilita\u2019<\/td><td>34\/35, Fuq Verdala, Bormla<\/td><td>Mary Stevens<\/td><td><a href=\"https:\/\/www.facebook.com\/fondazzjonibpd\"><img loading=\"lazy\" width=\"480\" height=\"480\" class=\"wp-image-156\" style=\"width: 150px;\" src=\"http:\/\/cospicuaparish.org.mt\/wp-content\/uploads\/2020\/05\/Fondazzjoni-Bormliza-Persuni-Dizabilita.png\" alt=\"\" srcset=\"https:\/\/www.cospicuaparish.org.mt\/wp-content\/uploads\/2020\/05\/Fondazzjoni-Bormliza-Persuni-Dizabilita.png 480w, https:\/\/www.cospicuaparish.org.mt\/wp-content\/uploads\/2020\/05\/Fondazzjoni-Bormliza-Persuni-Dizabilita-300x300.png 300w, https:\/\/www.cospicuaparish.org.mt\/wp-content\/uploads\/2020\/05\/Fondazzjoni-Bormliza-Persuni-Dizabilita-150x150.png 150w\" sizes=\"(max-width: 480px) 100vw, 480px\" \/><\/a><\/td><\/tr><tr><td>Fondazzjoni Mid-Dlam G\u0127ad-Dawl Busuttil<\/td><td>10, Matty Grima Street, Cospicua BML 1161<\/td><td>George<\/td><td><a href=\"https:\/\/www.facebook.com\/MidDlamGhadDawl\"><img loading=\"lazy\" width=\"346\" height=\"131\" class=\"wp-image-149\" style=\"width: 250px;\" src=\"http:\/\/cospicuaparish.org.mt\/wp-content\/uploads\/2020\/05\/mid-dlam-ghad-dawl.jpg\" alt=\"\" srcset=\"https:\/\/www.cospicuaparish.org.mt\/wp-content\/uploads\/2020\/05\/mid-dlam-ghad-dawl.jpg 346w, https:\/\/www.cospicuaparish.org.mt\/wp-content\/uploads\/2020\/05\/mid-dlam-ghad-dawl-300x114.jpg 300w\" sizes=\"(max-width: 346px) 100vw, 346px\" \/><\/a><\/td><\/tr><tr><td>P.N. (Sezzjoni R\u0121iel \/ Nisa)<\/td><td>Ka\u017cin Nazzjonalista, 17, Triq San Pawl, Bormla<\/td><td><\/td><td><img loading=\"lazy\" width=\"206\" height=\"244\" class=\"wp-image-150\" style=\"width: 150px;\" src=\"http:\/\/cospicuaparish.org.mt\/wp-content\/uploads\/2020\/05\/pn.jpg\" alt=\"\"><\/td><\/tr><tr><td>Partit Laburista (Sezzjoni R\u0121iel u Nisa)<\/td><td>Triq Santa Tereza , Bormla<\/td><td>Sonya Abela<\/td><td><img loading=\"lazy\" width=\"1200\" height=\"606\" class=\"wp-image-158\" style=\"width: 150px;\" src=\"http:\/\/cospicuaparish.org.mt\/wp-content\/uploads\/2020\/05\/Logo_of_the_Labour_Party.png\" alt=\"\" srcset=\"https:\/\/www.cospicuaparish.org.mt\/wp-content\/uploads\/2020\/05\/Logo_of_the_Labour_Party.png 1200w, https:\/\/www.cospicuaparish.org.mt\/wp-content\/uploads\/2020\/05\/Logo_of_the_Labour_Party-300x152.png 300w, https:\/\/www.cospicuaparish.org.mt\/wp-content\/uploads\/2020\/05\/Logo_of_the_Labour_Party-1024x517.png 1024w, https:\/\/www.cospicuaparish.org.mt\/wp-content\/uploads\/2020\/05\/Logo_of_the_Labour_Party-768x388.png 768w, https:\/\/www.cospicuaparish.org.mt\/wp-content\/uploads\/2020\/05\/Logo_of_the_Labour_Party-800x404.png 800w\" sizes=\"(max-width: 1200px) 100vw, 1200px\" \/><\/td><\/tr><tr><td>So\u010bjeta&#8217; Filarmonika San \u0120or\u0121<\/td><td>Pjazza Paolino Vassallo, Bormla<\/td><td>Karmenu Abela<\/td><td><a href=\"https:\/\/www.facebook.com\/kbsgbormla\"><img loading=\"lazy\" width=\"225\" height=\"225\" class=\"wp-image-159\" style=\"width: 150px;\" src=\"http:\/\/cospicuaparish.org.mt\/wp-content\/uploads\/2020\/05\/Kazin-San-Gorg.png\" alt=\"\" srcset=\"https:\/\/www.cospicuaparish.org.mt\/wp-content\/uploads\/2020\/05\/Kazin-San-Gorg.png 225w, https:\/\/www.cospicuaparish.org.mt\/wp-content\/uploads\/2020\/05\/Kazin-San-Gorg-150x150.png 150w\" sizes=\"(max-width: 225px) 100vw, 225px\" \/><\/a><\/td><\/tr><tr><td>Tg\u0127anniqa (Skola tal-Komunita\u2019)<\/td><td>Dar Bina, Triq Nelson, Cospicua,<\/td><td><\/td><td><a href=\"https:\/\/www.facebook.com\/tghanniqa.centruleap\"><img loading=\"lazy\" width=\"167\" height=\"157\" class=\"wp-image-151\" style=\"width: 150px;\" src=\"http:\/\/cospicuaparish.org.mt\/wp-content\/uploads\/2020\/05\/Tghanniqa.png\" alt=\"\"><\/a><\/td><\/tr><\/tbody><\/table><\/figure>\n\n\n\n<p>Sportivi<\/p>\n\n\n\n<figure class=\"wp-block-table\"><table><tbody><tr><td><strong>Isem tal-G\u0127aqda<\/strong><\/td><td><strong>Indiri\u017c\u017c Postali jew Elettroniku<\/strong><\/td><td><strong>Kuntatt<\/strong><\/td><td class=\"has-text-align-center\" data-align=\"center\"><strong>Facebook jew Sit<\/strong><\/td><\/tr><tr><td>Bormla Dynamos F.C<\/td><td>63,&nbsp;Triq il-Gendus, Bormla<\/td><td>Christian Grech<\/td><td class=\"has-text-align-center\" data-align=\"center\"><\/td><\/tr><tr><td>Bormla Regatta Club<\/td><td>Sala M. Grima, Ix-Xatt ta&#8217; Bormla, Bormla<\/td><td>Evan Buttigieg<\/td><td class=\"has-text-align-center\" data-align=\"center\"><a href=\"https:\/\/www.facebook.com\/bormlarowingclub\"><img loading=\"lazy\" width=\"225\" height=\"225\" class=\"wp-image-164\" style=\"width: 150px;\" src=\"http:\/\/cospicuaparish.org.mt\/wp-content\/uploads\/2020\/05\/Bormla-Regatt-Club.jpg\" alt=\"\" srcset=\"https:\/\/www.cospicuaparish.org.mt\/wp-content\/uploads\/2020\/05\/Bormla-Regatt-Club.jpg 225w, https:\/\/www.cospicuaparish.org.mt\/wp-content\/uploads\/2020\/05\/Bormla-Regatt-Club-150x150.jpg 150w\" sizes=\"(max-width: 225px) 100vw, 225px\" \/><\/a><\/td><\/tr><tr><td>Cospicua Rangers F.C.<\/td><td>Triq San \u0120wann, Bormla<\/td><td>Mario Attard<\/td><td class=\"has-text-align-center\" data-align=\"center\"><a href=\"https:\/\/www.facebook.com\/Cospicua-Rangers-109518990527703\"><img loading=\"lazy\" width=\"952\" height=\"960\" class=\"wp-image-165\" style=\"width: 150px;\" src=\"http:\/\/cospicuaparish.org.mt\/wp-content\/uploads\/2020\/05\/Cospicua-Rangers.jpg\" alt=\"\" srcset=\"https:\/\/www.cospicuaparish.org.mt\/wp-content\/uploads\/2020\/05\/Cospicua-Rangers.jpg 952w, https:\/\/www.cospicuaparish.org.mt\/wp-content\/uploads\/2020\/05\/Cospicua-Rangers-298x300.jpg 298w, https:\/\/www.cospicuaparish.org.mt\/wp-content\/uploads\/2020\/05\/Cospicua-Rangers-150x150.jpg 150w, https:\/\/www.cospicuaparish.org.mt\/wp-content\/uploads\/2020\/05\/Cospicua-Rangers-768x774.jpg 768w, https:\/\/www.cospicuaparish.org.mt\/wp-content\/uploads\/2020\/05\/Cospicua-Rangers-800x807.jpg 800w\" sizes=\"(max-width: 952px) 100vw, 952px\" \/><\/a><\/td><\/tr><tr><td>St. George&#8217;s F.C.<\/td><td>\u010aentru 1890, Triq il-Pellegrina\u0121\u0121, Bormla<\/td><td>Amanda Darmanin<\/td><td class=\"has-text-align-center\" data-align=\"center\"><a href=\"https:\/\/www.facebook.com\/stgeorges1890\"><img loading=\"lazy\" width=\"150\" height=\"150\" class=\"wp-image-163\" style=\"width: 150px;\" src=\"http:\/\/cospicuaparish.org.mt\/wp-content\/uploads\/2020\/05\/St._GeorgesFC.png\" alt=\"\"><\/a><\/td><\/tr><tr><td>Sta. Margerita Bo\u010b\u010bi Club<\/td><td>Sur Sta. Margerita, Triq il-Mithna, Bormla<\/td><td>Emanuel Schembri<\/td><td class=\"has-text-align-center\" data-align=\"center\"><a href=\"https:\/\/www.facebook.com\/bluschembr\"><img loading=\"lazy\" width=\"206\" height=\"206\" class=\"wp-image-162\" style=\"width: 150px;\" src=\"http:\/\/cospicuaparish.org.mt\/wp-content\/uploads\/2020\/05\/Sta-Margerita-Bocci-Club.jpg\" alt=\"\" srcset=\"https:\/\/www.cospicuaparish.org.mt\/wp-content\/uploads\/2020\/05\/Sta-Margerita-Bocci-Club.jpg 206w, https:\/\/www.cospicuaparish.org.mt\/wp-content\/uploads\/2020\/05\/Sta-Margerita-Bocci-Club-150x150.jpg 150w\" sizes=\"(max-width: 206px) 100vw, 206px\" \/><\/a><\/td><\/tr><tr><td>Bormla Subbuteo Club Malta<\/td><td>56, Flat  1 <br>Triq il-Gendus Bormla. <br>Email: <a rel=\"noreferrer noopener\" href=\"mailto:joscam82@gmail.com\" target=\"_blank\">joscam82@gmail.com<\/a><br>Mobile: 77427982<\/td><td>Josef Camilleri <\/td><td class=\"has-text-align-center\" data-align=\"center\"><a href=\"https:\/\/www.facebook.com\/Bormla-Subbuteo-Club-Malta-102325956560448\/\"><img src=\"https:\/\/scontent.fmla1-2.fna.fbcdn.net\/v\/t1.0-9\/43696238_1981865638606461_5497538562419064832_n.jpg?_nc_cat=101&amp;_nc_sid=09cbfe&amp;_nc_ohc=39W7atpOG9UAX8CUk2v&amp;_nc_ht=scontent.fmla1-2.fna&amp;oh=74fe9e5981ff526464e8cf305cfdbfc2&amp;oe=5F242624\" style=\"width: 80px;\"><\/a><\/td><\/tr><\/tbody><\/table><\/figure>\n\n\n\n<p><\/p>\n","protected":false},"excerpt":{"rendered":"<p>Reli\u0121ju\u017ci Isem tal-G\u0127aqda Indiri\u017c\u017c Postali jew Elettroniku Kuntatt Facebook jew Sit Azzjoni Kattolika (ferg\u0127a Nisa u R\u0121iel) San Piju X, Azzjoni Kattolika, No. 2, Triq l-Oratorju, Bormla \u010aentru 19 ta` Novembru 1944 Triq il-Pellegrina\u0121\u0121, Bormla Matthew Tonna Gilford \u010aentru Sagra Familja&nbsp;&nbsp;&nbsp;&nbsp;&nbsp; Triq Wigi Rosato, Bormla Arcipriet Grupp Adoloxxenti u \u017bg\u0127a\u017cag\u0127 mgs18012@gmail.com&nbsp; &nbsp;7961 8012 Moses Galea Kor Tota Pulchra c\/o 48 Triq Sta. Marija, Bormla Walter &hellip; <a href=\"https:\/\/www.cospicuaparish.org.mt\/?page_id=139\" class=\"more-link\">Continue reading <span class=\"screen-reader-text\">G\u0127aqdiet \u0121ewwa Bormla<\/span> <span class=\"meta-nav\">&raquo;<\/span><\/a><\/p>\n","protected":false},"author":4242,"featured_media":0,"parent":0,"menu_order":0,"comment_status":"closed","ping_status":"closed","template":"","meta":[],"_links":{"self":[{"href":"https:\/\/www.cospicuaparish.org.mt\/index.php?rest_route=\/wp\/v2\/pages\/139"}],"collection":[{"href":"https:\/\/www.cospicuaparish.org.mt\/index.php?rest_route=\/wp\/v2\/pages"}],"about":[{"href":"https:\/\/www.cospicuaparish.org.mt\/index.php?rest_route=\/wp\/v2\/types\/page"}],"author":[{"embeddable":true,"href":"https:\/\/www.cospicuaparish.org.mt\/index.php?rest_route=\/wp\/v2\/users\/4242"}],"replies":[{"embeddable":true,"href":"https:\/\/www.cospicuaparish.org.mt\/index.php?rest_route=%2Fwp%2Fv2%2Fcomments&post=139"}],"version-history":[{"count":0,"href":"https:\/\/www.cospicuaparish.org.mt\/index.php?rest_route=\/wp\/v2\/pages\/139\/revisions"}],"wp:attachment":[{"href":"https:\/\/www.cospicuaparish.org.mt\/index.php?rest_route=%2Fwp%2Fv2%2Fmedia&parent=139"}],"curies":[{"name":"wp","href":"https:\/\/api.w.org\/{rel}","templated":true}]}}